{"id":9650,"date":"2025-07-31T14:51:28","date_gmt":"2025-07-31T14:51:28","guid":{"rendered":"https:\/\/www.bicixtrem.cat\/?post_type=product&#038;p=9650"},"modified":"2025-07-31T14:53:18","modified_gmt":"2025-07-31T14:53:18","slug":"bicicleta-scott-solace-eride-20-2025","status":"publish","type":"product","link":"https:\/\/www.bicixtrem.cat\/es\/producte\/bicicleta-scott-solace-eride-20-2025\/","title":{"rendered":"Bicicleta SCOTT Solace eRide 20 2025"},"content":{"rendered":"<p><strong>Caracter\u00edsticas Principales:<\/strong><\/p>\n<p>&#8211; Cuadro de carbono HMX Solace eRIDE Disc<\/p>\n<p>&#8211; Horquilla Solace eRIDE HMX<\/p>\n<p>&#8211; Shimano 105 Di2 24 velocidades<\/p>\n<p>&#8211; Ruedas Syncros Capital 1.0 40e Disc<\/p>\n<p>&#8211; Cubiertas Schwalbe PRO ONE EVO Super Race TL<\/p>\n<p>&#8211; SYNCROS iL trasero<\/p>\n","protected":false},"excerpt":{"rendered":"<dl class=\"data-sheet\">\n<dt class=\"name\">Desde rutas \u00e9picas que duran todo el d\u00eda hasta una escapada en un hueco libre por la ma\u00f1ana: la Solace es una de las bicicletas m\u00e1s vers\u00e1tiles que ha salido de nuestra f\u00e1brica. La Solace es silenciosa, eficiente, viene con un motor montado en las bielas que ofrece cero resistencia aerodin\u00e1mica e incluye una bater\u00eda interna de 360 Wh con opci\u00f3n de ampliaci\u00f3n de autonom\u00eda externa de 160 Wh (se vende por separado). Incluye tres niveles de apoyo para darte un empujoncito y maximizar la duraci\u00f3n de la bater\u00eda, o para elegir el apoyo completo y subir las cuestas como si nada.<\/p>\n<p>Importante: las especificaciones t\u00e9cnicas de la bicicleta est\u00e1n sujetas a cambios sin previo aviso<\/dt>\n<\/dl>\n","protected":false},"featured_media":9652,"template":"","meta":[],"product_brand":[],"product_cat":[40],"product_tag":[],"class_list":{"0":"post-9650","1":"product","2":"type-product","3":"status-publish","4":"has-post-thumbnail","6":"product_cat-electriques-carretera","8":"first","9":"instock","10":"sale","11":"taxable","12":"shipping-taxable","13":"purchasable","14":"product-type-variable"},"yoast_head":"<!-- This site is optimized with the Yoast SEO plugin v27.2 - https:\/\/yoast.com\/product\/yoast-seo-wordpress\/ -->\n<title>Bicicleta SCOTT Solace eRide 20 2025 - BiciXtrem<\/title>\n<meta name=\"robots\" content=\"index, follow, max-snippet:-1, max-image-preview:large, max-video-preview:-1\" \/>\n<link rel=\"canonical\" href=\"https:\/\/www.bicixtrem.cat\/es\/producte\/bicicleta-scott-solace-eride-20-2025\/\" \/>\n<meta property=\"og:locale\" content=\"es_ES\" \/>\n<meta property=\"og:type\" content=\"article\" \/>\n<meta property=\"og:title\" content=\"Bicicleta SCOTT Solace eRide 20 2025 - BiciXtrem\" \/>\n<meta property=\"og:description\" content=\"Desde rutas \u00e9picas que duran todo el d\u00eda hasta una escapada en un hueco libre por la ma\u00f1ana: la Solace es una de las bicicletas m\u00e1s vers\u00e1tiles que ha salido de nuestra f\u00e1brica. La Solace es silenciosa, eficiente, viene con un motor montado en las bielas que ofrece cero resistencia aerodin\u00e1mica e incluye una bater\u00eda interna de 360 Wh con opci\u00f3n de ampliaci\u00f3n de autonom\u00eda externa de 160 Wh (se vende por separado). Incluye tres niveles de apoyo para darte un empujoncito y maximizar la duraci\u00f3n de la bater\u00eda, o para elegir el apoyo completo y subir las cuestas como si nada.  Importante: las especificaciones t\u00e9cnicas de la bicicleta est\u00e1n sujetas a cambios sin previo aviso\" \/>\n<meta property=\"og:url\" content=\"https:\/\/www.bicixtrem.cat\/es\/producte\/bicicleta-scott-solace-eride-20-2025\/\" \/>\n<meta property=\"og:site_name\" content=\"BiciXtrem\" \/>\n<meta property=\"article:modified_time\" content=\"2025-07-31T14:53:18+00:00\" \/>\n<meta property=\"og:image\" content=\"https:\/\/www.bicixtrem.cat\/wp-content\/uploads\/2025\/07\/img-Bicicleta-SCOTT-Solace-eRide-20-2025-bicixtreme.jpg\" \/>\n\t<meta property=\"og:image:width\" content=\"600\" \/>\n\t<meta property=\"og:image:height\" content=\"600\" \/>\n\t<meta property=\"og:image:type\" content=\"image\/jpeg\" \/>\n<meta name=\"twitter:card\" content=\"summary_large_image\" \/>\n<script type=\"application\/ld+json\" class=\"yoast-schema-graph\">{\"@context\":\"https:\/\/schema.org\",\"@graph\":[{\"@type\":\"WebPage\",\"@id\":\"https:\/\/www.bicixtrem.cat\/es\/producte\/bicicleta-scott-solace-eride-20-2025\/\",\"url\":\"https:\/\/www.bicixtrem.cat\/es\/producte\/bicicleta-scott-solace-eride-20-2025\/\",\"name\":\"Bicicleta SCOTT Solace eRide 20 2025 - BiciXtrem\",\"isPartOf\":{\"@id\":\"https:\/\/www.bicixtrem.cat\/es\/#website\"},\"primaryImageOfPage\":{\"@id\":\"https:\/\/www.bicixtrem.cat\/es\/producte\/bicicleta-scott-solace-eride-20-2025\/#primaryimage\"},\"image\":{\"@id\":\"https:\/\/www.bicixtrem.cat\/es\/producte\/bicicleta-scott-solace-eride-20-2025\/#primaryimage\"},\"thumbnailUrl\":\"https:\/\/www.bicixtrem.cat\/wp-content\/uploads\/2025\/07\/img-Bicicleta-SCOTT-Solace-eRide-20-2025-bicixtreme.jpg\",\"datePublished\":\"2025-07-31T14:51:28+00:00\",\"dateModified\":\"2025-07-31T14:53:18+00:00\",\"breadcrumb\":{\"@id\":\"https:\/\/www.bicixtrem.cat\/es\/producte\/bicicleta-scott-solace-eride-20-2025\/#breadcrumb\"},\"inLanguage\":\"es\",\"potentialAction\":[{\"@type\":\"ReadAction\",\"target\":[\"https:\/\/www.bicixtrem.cat\/es\/producte\/bicicleta-scott-solace-eride-20-2025\/\"]}]},{\"@type\":\"ImageObject\",\"inLanguage\":\"es\",\"@id\":\"https:\/\/www.bicixtrem.cat\/es\/producte\/bicicleta-scott-solace-eride-20-2025\/#primaryimage\",\"url\":\"https:\/\/www.bicixtrem.cat\/wp-content\/uploads\/2025\/07\/img-Bicicleta-SCOTT-Solace-eRide-20-2025-bicixtreme.jpg\",\"contentUrl\":\"https:\/\/www.bicixtrem.cat\/wp-content\/uploads\/2025\/07\/img-Bicicleta-SCOTT-Solace-eRide-20-2025-bicixtreme.jpg\",\"width\":600,\"height\":600},{\"@type\":\"BreadcrumbList\",\"@id\":\"https:\/\/www.bicixtrem.cat\/es\/producte\/bicicleta-scott-solace-eride-20-2025\/#breadcrumb\",\"itemListElement\":[{\"@type\":\"ListItem\",\"position\":1,\"name\":\"Inici\",\"item\":\"https:\/\/www.bicixtrem.cat\/es\/\"},{\"@type\":\"ListItem\",\"position\":2,\"name\":\"Bicicleta SCOTT Solace eRide 20 2025\"}]},{\"@type\":\"WebSite\",\"@id\":\"https:\/\/www.bicixtrem.cat\/es\/#website\",\"url\":\"https:\/\/www.bicixtrem.cat\/es\/\",\"name\":\"BiciXtrem\",\"description\":\"La teva botiga i taller de confian\u00e7a al Bergued\u00e0\",\"publisher\":{\"@id\":\"https:\/\/www.bicixtrem.cat\/es\/#organization\"},\"potentialAction\":[{\"@type\":\"SearchAction\",\"target\":{\"@type\":\"EntryPoint\",\"urlTemplate\":\"https:\/\/www.bicixtrem.cat\/es\/?s={search_term_string}\"},\"query-input\":{\"@type\":\"PropertyValueSpecification\",\"valueRequired\":true,\"valueName\":\"search_term_string\"}}],\"inLanguage\":\"es\"},{\"@type\":\"Organization\",\"@id\":\"https:\/\/www.bicixtrem.cat\/es\/#organization\",\"name\":\"BiciXtrem\",\"url\":\"https:\/\/www.bicixtrem.cat\/es\/\",\"logo\":{\"@type\":\"ImageObject\",\"inLanguage\":\"es\",\"@id\":\"https:\/\/www.bicixtrem.cat\/es\/#\/schema\/logo\/image\/\",\"url\":\"https:\/\/www.bicixtrem.cat\/wp-content\/uploads\/2025\/07\/cropped-cropped-img-logo-bicixtrem-2025.png\",\"contentUrl\":\"https:\/\/www.bicixtrem.cat\/wp-content\/uploads\/2025\/07\/cropped-cropped-img-logo-bicixtrem-2025.png\",\"width\":599,\"height\":171,\"caption\":\"BiciXtrem\"},\"image\":{\"@id\":\"https:\/\/www.bicixtrem.cat\/es\/#\/schema\/logo\/image\/\"}}]}<\/script>\n<!-- \/ Yoast SEO plugin. -->","yoast_head_json":{"title":"Bicicleta SCOTT Solace eRide 20 2025 - BiciXtrem","robots":{"index":"index","follow":"follow","max-snippet":"max-snippet:-1","max-image-preview":"max-image-preview:large","max-video-preview":"max-video-preview:-1"},"canonical":"https:\/\/www.bicixtrem.cat\/es\/producte\/bicicleta-scott-solace-eride-20-2025\/","og_locale":"es_ES","og_type":"article","og_title":"Bicicleta SCOTT Solace eRide 20 2025 - BiciXtrem","og_description":"Desde rutas \u00e9picas que duran todo el d\u00eda hasta una escapada en un hueco libre por la ma\u00f1ana: la Solace es una de las bicicletas m\u00e1s vers\u00e1tiles que ha salido de nuestra f\u00e1brica. La Solace es silenciosa, eficiente, viene con un motor montado en las bielas que ofrece cero resistencia aerodin\u00e1mica e incluye una bater\u00eda interna de 360 Wh con opci\u00f3n de ampliaci\u00f3n de autonom\u00eda externa de 160 Wh (se vende por separado). Incluye tres niveles de apoyo para darte un empujoncito y maximizar la duraci\u00f3n de la bater\u00eda, o para elegir el apoyo completo y subir las cuestas como si nada.  Importante: las especificaciones t\u00e9cnicas de la bicicleta est\u00e1n sujetas a cambios sin previo aviso","og_url":"https:\/\/www.bicixtrem.cat\/es\/producte\/bicicleta-scott-solace-eride-20-2025\/","og_site_name":"BiciXtrem","article_modified_time":"2025-07-31T14:53:18+00:00","og_image":[{"width":600,"height":600,"url":"https:\/\/www.bicixtrem.cat\/wp-content\/uploads\/2025\/07\/img-Bicicleta-SCOTT-Solace-eRide-20-2025-bicixtreme.jpg","type":"image\/jpeg"}],"twitter_card":"summary_large_image","schema":{"@context":"https:\/\/schema.org","@graph":[{"@type":"WebPage","@id":"https:\/\/www.bicixtrem.cat\/es\/producte\/bicicleta-scott-solace-eride-20-2025\/","url":"https:\/\/www.bicixtrem.cat\/es\/producte\/bicicleta-scott-solace-eride-20-2025\/","name":"Bicicleta SCOTT Solace eRide 20 2025 - BiciXtrem","isPartOf":{"@id":"https:\/\/www.bicixtrem.cat\/es\/#website"},"primaryImageOfPage":{"@id":"https:\/\/www.bicixtrem.cat\/es\/producte\/bicicleta-scott-solace-eride-20-2025\/#primaryimage"},"image":{"@id":"https:\/\/www.bicixtrem.cat\/es\/producte\/bicicleta-scott-solace-eride-20-2025\/#primaryimage"},"thumbnailUrl":"https:\/\/www.bicixtrem.cat\/wp-content\/uploads\/2025\/07\/img-Bicicleta-SCOTT-Solace-eRide-20-2025-bicixtreme.jpg","datePublished":"2025-07-31T14:51:28+00:00","dateModified":"2025-07-31T14:53:18+00:00","breadcrumb":{"@id":"https:\/\/www.bicixtrem.cat\/es\/producte\/bicicleta-scott-solace-eride-20-2025\/#breadcrumb"},"inLanguage":"es","potentialAction":[{"@type":"ReadAction","target":["https:\/\/www.bicixtrem.cat\/es\/producte\/bicicleta-scott-solace-eride-20-2025\/"]}]},{"@type":"ImageObject","inLanguage":"es","@id":"https:\/\/www.bicixtrem.cat\/es\/producte\/bicicleta-scott-solace-eride-20-2025\/#primaryimage","url":"https:\/\/www.bicixtrem.cat\/wp-content\/uploads\/2025\/07\/img-Bicicleta-SCOTT-Solace-eRide-20-2025-bicixtreme.jpg","contentUrl":"https:\/\/www.bicixtrem.cat\/wp-content\/uploads\/2025\/07\/img-Bicicleta-SCOTT-Solace-eRide-20-2025-bicixtreme.jpg","width":600,"height":600},{"@type":"BreadcrumbList","@id":"https:\/\/www.bicixtrem.cat\/es\/producte\/bicicleta-scott-solace-eride-20-2025\/#breadcrumb","itemListElement":[{"@type":"ListItem","position":1,"name":"Inici","item":"https:\/\/www.bicixtrem.cat\/es\/"},{"@type":"ListItem","position":2,"name":"Bicicleta SCOTT Solace eRide 20 2025"}]},{"@type":"WebSite","@id":"https:\/\/www.bicixtrem.cat\/es\/#website","url":"https:\/\/www.bicixtrem.cat\/es\/","name":"BiciXtrem","description":"La teva botiga i taller de confian\u00e7a al Bergued\u00e0","publisher":{"@id":"https:\/\/www.bicixtrem.cat\/es\/#organization"},"potentialAction":[{"@type":"SearchAction","target":{"@type":"EntryPoint","urlTemplate":"https:\/\/www.bicixtrem.cat\/es\/?s={search_term_string}"},"query-input":{"@type":"PropertyValueSpecification","valueRequired":true,"valueName":"search_term_string"}}],"inLanguage":"es"},{"@type":"Organization","@id":"https:\/\/www.bicixtrem.cat\/es\/#organization","name":"BiciXtrem","url":"https:\/\/www.bicixtrem.cat\/es\/","logo":{"@type":"ImageObject","inLanguage":"es","@id":"https:\/\/www.bicixtrem.cat\/es\/#\/schema\/logo\/image\/","url":"https:\/\/www.bicixtrem.cat\/wp-content\/uploads\/2025\/07\/cropped-cropped-img-logo-bicixtrem-2025.png","contentUrl":"https:\/\/www.bicixtrem.cat\/wp-content\/uploads\/2025\/07\/cropped-cropped-img-logo-bicixtrem-2025.png","width":599,"height":171,"caption":"BiciXtrem"},"image":{"@id":"https:\/\/www.bicixtrem.cat\/es\/#\/schema\/logo\/image\/"}}]}},"_links":{"self":[{"href":"https:\/\/www.bicixtrem.cat\/es\/wp-json\/wp\/v2\/product\/9650","targetHints":{"allow":["GET"]}}],"collection":[{"href":"https:\/\/www.bicixtrem.cat\/es\/wp-json\/wp\/v2\/product"}],"about":[{"href":"https:\/\/www.bicixtrem.cat\/es\/wp-json\/wp\/v2\/types\/product"}],"version-history":[{"count":1,"href":"https:\/\/www.bicixtrem.cat\/es\/wp-json\/wp\/v2\/product\/9650\/revisions"}],"predecessor-version":[{"id":9654,"href":"https:\/\/www.bicixtrem.cat\/es\/wp-json\/wp\/v2\/product\/9650\/revisions\/9654"}],"wp:featuredmedia":[{"embeddable":true,"href":"https:\/\/www.bicixtrem.cat\/es\/wp-json\/wp\/v2\/media\/9652"}],"wp:attachment":[{"href":"https:\/\/www.bicixtrem.cat\/es\/wp-json\/wp\/v2\/media?parent=9650"}],"wp:term":[{"taxonomy":"product_brand","embeddable":true,"href":"https:\/\/www.bicixtrem.cat\/es\/wp-json\/wp\/v2\/product_brand?post=9650"},{"taxonomy":"product_cat","embeddable":true,"href":"https:\/\/www.bicixtrem.cat\/es\/wp-json\/wp\/v2\/product_cat?post=9650"},{"taxonomy":"product_tag","embeddable":true,"href":"https:\/\/www.bicixtrem.cat\/es\/wp-json\/wp\/v2\/product_tag?post=9650"}],"curies":[{"name":"wp","href":"https:\/\/api.w.org\/{rel}","templated":true}]}}