{"id":9613,"date":"2025-07-31T14:23:18","date_gmt":"2025-07-31T14:23:18","guid":{"rendered":"https:\/\/www.bicixtrem.cat\/?post_type=product&#038;p=9613"},"modified":"2025-07-31T14:29:41","modified_gmt":"2025-07-31T14:29:41","slug":"bicicleta-scott-patron-st-910-loden-green-2025","status":"publish","type":"product","link":"https:\/\/www.bicixtrem.cat\/es\/producte\/bicicleta-scott-patron-st-910-loden-green-2025\/","title":{"rendered":"Bicicleta SCOTT Patron St 910 Loden Green 2025"},"content":{"rendered":"<p><strong>Rango de uso:<\/strong>\u00a0Bicicletas all mountain\/trail (descenso y\/o senderos irregulares a velocidad menor de 40 km\/h, saltos menores de 120 cm)<\/p>\n<p><strong>Caracter\u00edsticas Principales:<\/strong><\/p>\n<p>&#8211; Horquilla RS Domain R 170mm<\/p>\n<p>&#8211; RS SuperDeluxe PiggyBack, 150mm<\/p>\n<p>&#8211; Shimano Deore, 12 velocidades<\/p>\n<p>&#8211; Frenos de disco con 4 pistones Shimano Deore<\/p>\n<p>&#8211; Cubiertas Schwalbe Foldable<\/p>\n<p>&#8211; Tija ajustable y componentes Syncros<\/p>\n<p>&#8211; Luz del guardabarros trasero integrado Syncros<\/p>\n<p>&#8211; Bosch Performance CX Drive Unit with 800Wh Battery<\/p>\n","protected":false},"excerpt":{"rendered":"<dl class=\"data-sheet\">\n<dt class=\"name\">La fuerza de un levantador de pesas, la resistencia de un corredor de marat\u00f3n y el f\u00edsico de un gimnasta. Para los riders m\u00e1s exigentes que quieren afrontar las monta\u00f1as m\u00e1s salvajes, la NUEVA Patron eRIDE ST aprovecha lo \u00faltimo en tecnolog\u00eda de motor con la m\u00e1xima potencia y bater\u00eda en un dise\u00f1o agresivo pensado para dominar los senderos. La potencia, a tu servicio. Domina los senderos.Importante: las especificaciones t\u00e9cnicas de la bicicleta est\u00e1n sujetas a cambios sin previo aviso.<\/dt>\n<\/dl>\n","protected":false},"featured_media":9616,"template":"","meta":[],"product_brand":[],"product_cat":[37,39],"product_tag":[],"class_list":{"0":"post-9613","1":"product","2":"type-product","3":"status-publish","4":"has-post-thumbnail","6":"product_cat-electriques-de-muntanya","7":"product_cat-electriques-de-muntanya-trail","9":"first","10":"instock","11":"sale","12":"taxable","13":"shipping-taxable","14":"purchasable","15":"product-type-variable"},"yoast_head":"<!-- This site is optimized with the Yoast SEO plugin v27.2 - https:\/\/yoast.com\/product\/yoast-seo-wordpress\/ -->\n<title>Bicicleta SCOTT Patron St 910 Loden Green 2025 - BiciXtrem<\/title>\n<meta name=\"robots\" content=\"index, follow, max-snippet:-1, max-image-preview:large, max-video-preview:-1\" \/>\n<link rel=\"canonical\" href=\"https:\/\/www.bicixtrem.cat\/es\/producte\/bicicleta-scott-patron-st-910-loden-green-2025\/\" \/>\n<meta property=\"og:locale\" content=\"es_ES\" \/>\n<meta property=\"og:type\" content=\"article\" \/>\n<meta property=\"og:title\" content=\"Bicicleta SCOTT Patron St 910 Loden Green 2025 - BiciXtrem\" \/>\n<meta property=\"og:description\" content=\"La fuerza de un levantador de pesas, la resistencia de un corredor de marat\u00f3n y el f\u00edsico de un gimnasta. Para los riders m\u00e1s exigentes que quieren afrontar las monta\u00f1as m\u00e1s salvajes, la NUEVA Patron eRIDE ST aprovecha lo \u00faltimo en tecnolog\u00eda de motor con la m\u00e1xima potencia y bater\u00eda en un dise\u00f1o agresivo pensado para dominar los senderos. La potencia, a tu servicio. Domina los senderos.Importante: las especificaciones t\u00e9cnicas de la bicicleta est\u00e1n sujetas a cambios sin previo aviso.\" \/>\n<meta property=\"og:url\" content=\"https:\/\/www.bicixtrem.cat\/es\/producte\/bicicleta-scott-patron-st-910-loden-green-2025\/\" \/>\n<meta property=\"og:site_name\" content=\"BiciXtrem\" \/>\n<meta property=\"article:modified_time\" content=\"2025-07-31T14:29:41+00:00\" \/>\n<meta property=\"og:image\" content=\"https:\/\/www.bicixtrem.cat\/wp-content\/uploads\/2025\/07\/img-Bicicleta-SCOTT-Patron-St-910-Loden-Green-2025-bicixtreme.jpg\" \/>\n\t<meta property=\"og:image:width\" content=\"600\" \/>\n\t<meta property=\"og:image:height\" content=\"600\" \/>\n\t<meta property=\"og:image:type\" content=\"image\/jpeg\" \/>\n<meta name=\"twitter:card\" content=\"summary_large_image\" \/>\n<script type=\"application\/ld+json\" class=\"yoast-schema-graph\">{\"@context\":\"https:\/\/schema.org\",\"@graph\":[{\"@type\":\"WebPage\",\"@id\":\"https:\/\/www.bicixtrem.cat\/es\/producte\/bicicleta-scott-patron-st-910-loden-green-2025\/\",\"url\":\"https:\/\/www.bicixtrem.cat\/es\/producte\/bicicleta-scott-patron-st-910-loden-green-2025\/\",\"name\":\"Bicicleta SCOTT Patron St 910 Loden Green 2025 - BiciXtrem\",\"isPartOf\":{\"@id\":\"https:\/\/www.bicixtrem.cat\/es\/#website\"},\"primaryImageOfPage\":{\"@id\":\"https:\/\/www.bicixtrem.cat\/es\/producte\/bicicleta-scott-patron-st-910-loden-green-2025\/#primaryimage\"},\"image\":{\"@id\":\"https:\/\/www.bicixtrem.cat\/es\/producte\/bicicleta-scott-patron-st-910-loden-green-2025\/#primaryimage\"},\"thumbnailUrl\":\"https:\/\/www.bicixtrem.cat\/wp-content\/uploads\/2025\/07\/img-Bicicleta-SCOTT-Patron-St-910-Loden-Green-2025-bicixtreme.jpg\",\"datePublished\":\"2025-07-31T14:23:18+00:00\",\"dateModified\":\"2025-07-31T14:29:41+00:00\",\"breadcrumb\":{\"@id\":\"https:\/\/www.bicixtrem.cat\/es\/producte\/bicicleta-scott-patron-st-910-loden-green-2025\/#breadcrumb\"},\"inLanguage\":\"es\",\"potentialAction\":[{\"@type\":\"ReadAction\",\"target\":[\"https:\/\/www.bicixtrem.cat\/es\/producte\/bicicleta-scott-patron-st-910-loden-green-2025\/\"]}]},{\"@type\":\"ImageObject\",\"inLanguage\":\"es\",\"@id\":\"https:\/\/www.bicixtrem.cat\/es\/producte\/bicicleta-scott-patron-st-910-loden-green-2025\/#primaryimage\",\"url\":\"https:\/\/www.bicixtrem.cat\/wp-content\/uploads\/2025\/07\/img-Bicicleta-SCOTT-Patron-St-910-Loden-Green-2025-bicixtreme.jpg\",\"contentUrl\":\"https:\/\/www.bicixtrem.cat\/wp-content\/uploads\/2025\/07\/img-Bicicleta-SCOTT-Patron-St-910-Loden-Green-2025-bicixtreme.jpg\",\"width\":600,\"height\":600},{\"@type\":\"BreadcrumbList\",\"@id\":\"https:\/\/www.bicixtrem.cat\/es\/producte\/bicicleta-scott-patron-st-910-loden-green-2025\/#breadcrumb\",\"itemListElement\":[{\"@type\":\"ListItem\",\"position\":1,\"name\":\"Inici\",\"item\":\"https:\/\/www.bicixtrem.cat\/es\/\"},{\"@type\":\"ListItem\",\"position\":2,\"name\":\"Bicicleta SCOTT Patron St 910 Loden Green 2025\"}]},{\"@type\":\"WebSite\",\"@id\":\"https:\/\/www.bicixtrem.cat\/es\/#website\",\"url\":\"https:\/\/www.bicixtrem.cat\/es\/\",\"name\":\"BiciXtrem\",\"description\":\"La teva botiga i taller de confian\u00e7a al Bergued\u00e0\",\"publisher\":{\"@id\":\"https:\/\/www.bicixtrem.cat\/es\/#organization\"},\"potentialAction\":[{\"@type\":\"SearchAction\",\"target\":{\"@type\":\"EntryPoint\",\"urlTemplate\":\"https:\/\/www.bicixtrem.cat\/es\/?s={search_term_string}\"},\"query-input\":{\"@type\":\"PropertyValueSpecification\",\"valueRequired\":true,\"valueName\":\"search_term_string\"}}],\"inLanguage\":\"es\"},{\"@type\":\"Organization\",\"@id\":\"https:\/\/www.bicixtrem.cat\/es\/#organization\",\"name\":\"BiciXtrem\",\"url\":\"https:\/\/www.bicixtrem.cat\/es\/\",\"logo\":{\"@type\":\"ImageObject\",\"inLanguage\":\"es\",\"@id\":\"https:\/\/www.bicixtrem.cat\/es\/#\/schema\/logo\/image\/\",\"url\":\"https:\/\/www.bicixtrem.cat\/wp-content\/uploads\/2025\/07\/cropped-cropped-img-logo-bicixtrem-2025.png\",\"contentUrl\":\"https:\/\/www.bicixtrem.cat\/wp-content\/uploads\/2025\/07\/cropped-cropped-img-logo-bicixtrem-2025.png\",\"width\":599,\"height\":171,\"caption\":\"BiciXtrem\"},\"image\":{\"@id\":\"https:\/\/www.bicixtrem.cat\/es\/#\/schema\/logo\/image\/\"}}]}<\/script>\n<!-- \/ Yoast SEO plugin. -->","yoast_head_json":{"title":"Bicicleta SCOTT Patron St 910 Loden Green 2025 - BiciXtrem","robots":{"index":"index","follow":"follow","max-snippet":"max-snippet:-1","max-image-preview":"max-image-preview:large","max-video-preview":"max-video-preview:-1"},"canonical":"https:\/\/www.bicixtrem.cat\/es\/producte\/bicicleta-scott-patron-st-910-loden-green-2025\/","og_locale":"es_ES","og_type":"article","og_title":"Bicicleta SCOTT Patron St 910 Loden Green 2025 - BiciXtrem","og_description":"La fuerza de un levantador de pesas, la resistencia de un corredor de marat\u00f3n y el f\u00edsico de un gimnasta. Para los riders m\u00e1s exigentes que quieren afrontar las monta\u00f1as m\u00e1s salvajes, la NUEVA Patron eRIDE ST aprovecha lo \u00faltimo en tecnolog\u00eda de motor con la m\u00e1xima potencia y bater\u00eda en un dise\u00f1o agresivo pensado para dominar los senderos. La potencia, a tu servicio. Domina los senderos.Importante: las especificaciones t\u00e9cnicas de la bicicleta est\u00e1n sujetas a cambios sin previo aviso.","og_url":"https:\/\/www.bicixtrem.cat\/es\/producte\/bicicleta-scott-patron-st-910-loden-green-2025\/","og_site_name":"BiciXtrem","article_modified_time":"2025-07-31T14:29:41+00:00","og_image":[{"width":600,"height":600,"url":"https:\/\/www.bicixtrem.cat\/wp-content\/uploads\/2025\/07\/img-Bicicleta-SCOTT-Patron-St-910-Loden-Green-2025-bicixtreme.jpg","type":"image\/jpeg"}],"twitter_card":"summary_large_image","schema":{"@context":"https:\/\/schema.org","@graph":[{"@type":"WebPage","@id":"https:\/\/www.bicixtrem.cat\/es\/producte\/bicicleta-scott-patron-st-910-loden-green-2025\/","url":"https:\/\/www.bicixtrem.cat\/es\/producte\/bicicleta-scott-patron-st-910-loden-green-2025\/","name":"Bicicleta SCOTT Patron St 910 Loden Green 2025 - BiciXtrem","isPartOf":{"@id":"https:\/\/www.bicixtrem.cat\/es\/#website"},"primaryImageOfPage":{"@id":"https:\/\/www.bicixtrem.cat\/es\/producte\/bicicleta-scott-patron-st-910-loden-green-2025\/#primaryimage"},"image":{"@id":"https:\/\/www.bicixtrem.cat\/es\/producte\/bicicleta-scott-patron-st-910-loden-green-2025\/#primaryimage"},"thumbnailUrl":"https:\/\/www.bicixtrem.cat\/wp-content\/uploads\/2025\/07\/img-Bicicleta-SCOTT-Patron-St-910-Loden-Green-2025-bicixtreme.jpg","datePublished":"2025-07-31T14:23:18+00:00","dateModified":"2025-07-31T14:29:41+00:00","breadcrumb":{"@id":"https:\/\/www.bicixtrem.cat\/es\/producte\/bicicleta-scott-patron-st-910-loden-green-2025\/#breadcrumb"},"inLanguage":"es","potentialAction":[{"@type":"ReadAction","target":["https:\/\/www.bicixtrem.cat\/es\/producte\/bicicleta-scott-patron-st-910-loden-green-2025\/"]}]},{"@type":"ImageObject","inLanguage":"es","@id":"https:\/\/www.bicixtrem.cat\/es\/producte\/bicicleta-scott-patron-st-910-loden-green-2025\/#primaryimage","url":"https:\/\/www.bicixtrem.cat\/wp-content\/uploads\/2025\/07\/img-Bicicleta-SCOTT-Patron-St-910-Loden-Green-2025-bicixtreme.jpg","contentUrl":"https:\/\/www.bicixtrem.cat\/wp-content\/uploads\/2025\/07\/img-Bicicleta-SCOTT-Patron-St-910-Loden-Green-2025-bicixtreme.jpg","width":600,"height":600},{"@type":"BreadcrumbList","@id":"https:\/\/www.bicixtrem.cat\/es\/producte\/bicicleta-scott-patron-st-910-loden-green-2025\/#breadcrumb","itemListElement":[{"@type":"ListItem","position":1,"name":"Inici","item":"https:\/\/www.bicixtrem.cat\/es\/"},{"@type":"ListItem","position":2,"name":"Bicicleta SCOTT Patron St 910 Loden Green 2025"}]},{"@type":"WebSite","@id":"https:\/\/www.bicixtrem.cat\/es\/#website","url":"https:\/\/www.bicixtrem.cat\/es\/","name":"BiciXtrem","description":"La teva botiga i taller de confian\u00e7a al Bergued\u00e0","publisher":{"@id":"https:\/\/www.bicixtrem.cat\/es\/#organization"},"potentialAction":[{"@type":"SearchAction","target":{"@type":"EntryPoint","urlTemplate":"https:\/\/www.bicixtrem.cat\/es\/?s={search_term_string}"},"query-input":{"@type":"PropertyValueSpecification","valueRequired":true,"valueName":"search_term_string"}}],"inLanguage":"es"},{"@type":"Organization","@id":"https:\/\/www.bicixtrem.cat\/es\/#organization","name":"BiciXtrem","url":"https:\/\/www.bicixtrem.cat\/es\/","logo":{"@type":"ImageObject","inLanguage":"es","@id":"https:\/\/www.bicixtrem.cat\/es\/#\/schema\/logo\/image\/","url":"https:\/\/www.bicixtrem.cat\/wp-content\/uploads\/2025\/07\/cropped-cropped-img-logo-bicixtrem-2025.png","contentUrl":"https:\/\/www.bicixtrem.cat\/wp-content\/uploads\/2025\/07\/cropped-cropped-img-logo-bicixtrem-2025.png","width":599,"height":171,"caption":"BiciXtrem"},"image":{"@id":"https:\/\/www.bicixtrem.cat\/es\/#\/schema\/logo\/image\/"}}]}},"_links":{"self":[{"href":"https:\/\/www.bicixtrem.cat\/es\/wp-json\/wp\/v2\/product\/9613","targetHints":{"allow":["GET"]}}],"collection":[{"href":"https:\/\/www.bicixtrem.cat\/es\/wp-json\/wp\/v2\/product"}],"about":[{"href":"https:\/\/www.bicixtrem.cat\/es\/wp-json\/wp\/v2\/types\/product"}],"version-history":[{"count":3,"href":"https:\/\/www.bicixtrem.cat\/es\/wp-json\/wp\/v2\/product\/9613\/revisions"}],"predecessor-version":[{"id":9619,"href":"https:\/\/www.bicixtrem.cat\/es\/wp-json\/wp\/v2\/product\/9613\/revisions\/9619"}],"wp:featuredmedia":[{"embeddable":true,"href":"https:\/\/www.bicixtrem.cat\/es\/wp-json\/wp\/v2\/media\/9616"}],"wp:attachment":[{"href":"https:\/\/www.bicixtrem.cat\/es\/wp-json\/wp\/v2\/media?parent=9613"}],"wp:term":[{"taxonomy":"product_brand","embeddable":true,"href":"https:\/\/www.bicixtrem.cat\/es\/wp-json\/wp\/v2\/product_brand?post=9613"},{"taxonomy":"product_cat","embeddable":true,"href":"https:\/\/www.bicixtrem.cat\/es\/wp-json\/wp\/v2\/product_cat?post=9613"},{"taxonomy":"product_tag","embeddable":true,"href":"https:\/\/www.bicixtrem.cat\/es\/wp-json\/wp\/v2\/product_tag?post=9613"}],"curies":[{"name":"wp","href":"https:\/\/api.w.org\/{rel}","templated":true}]}}