{"id":9402,"date":"2025-07-31T12:00:03","date_gmt":"2025-07-31T12:00:03","guid":{"rendered":"https:\/\/www.bicixtrem.cat\/?post_type=product&#038;p=9402"},"modified":"2025-07-31T12:14:51","modified_gmt":"2025-07-31T12:14:51","slug":"bicicleta-scott-lumen-920-mauve-purple-2025","status":"publish","type":"product","link":"https:\/\/www.bicixtrem.cat\/es\/producte\/bicicleta-scott-lumen-920-mauve-purple-2025\/","title":{"rendered":"Bicicleta SCOTT Lumen 920 Mauve Purple 2025"},"content":{"rendered":"<section class=\" \">\n<dl class=\"data-sheet\">\n<dt class=\"name\">\n<dl class=\"data-sheet\">\n<dt class=\"name\"><strong>Rango de uso:<\/strong>\u00a0Bicicletas XC \/ Marat\u00f3n (uso deportivo y competitivo en senderos con desaf\u00edos t\u00e9cnicos moderados, saltos menores de 60 cm)<strong>Caracter\u00edsticas Principales:<\/strong><\/p>\n<p>&#8211; Horquilla RockShox Recon Gold RL 140mm<\/p>\n<p>&#8211; X-Fusion Nude, TwinLoc, 130mm<\/p>\n<p>&#8211; Shimano Deore, 12 velocidades<\/p>\n<p>&#8211; Frenos de disco con 4 pistones Shimano<\/p>\n<p>&#8211; Llantas Syncros X-30S TR<\/p>\n<p>&#8211; Cubiertas Schwalbe Wicked Will<\/p>\n<p>&#8211; Tija ajustable y componentes Syncros<\/dt>\n<\/dl>\n<\/dt>\n<\/dl>\n<\/section>\n","protected":false},"excerpt":{"rendered":"<dl class=\"data-sheet\">\n<dt class=\"name\">Una bicicleta de monta\u00f1a el\u00e9ctrica con el peso de una MTB, a partir de 15,5 kg. Imag\u00ednate la mejor plataforma de cross-country\/trail que existe hoy en d\u00eda, la Spark 900: ponle 130 mm de recorrido y una horquilla de 140 mm, m\u00f3ntale apoyo el\u00e9ctrico y completamente silencioso, y descubre que sigue siendo una bicicleta ligera para rodar por monta\u00f1a al ritmo de Nino.Importante: las especificaciones t\u00e9cnicas de la bicicleta est\u00e1n sujetas a cambios sin previo aviso<\/dt>\n<\/dl>\n","protected":false},"featured_media":9403,"template":"","meta":[],"product_brand":[],"product_cat":[37,38],"product_tag":[],"class_list":{"0":"post-9402","1":"product","2":"type-product","3":"status-publish","4":"has-post-thumbnail","6":"product_cat-electriques-de-muntanya","7":"product_cat-electriques-de-muntanya-lleugeres","9":"first","10":"instock","11":"sale","12":"taxable","13":"shipping-taxable","14":"purchasable","15":"product-type-variable"},"yoast_head":"<!-- This site is optimized with the Yoast SEO plugin v27.2 - https:\/\/yoast.com\/product\/yoast-seo-wordpress\/ -->\n<title>Bicicleta SCOTT Lumen 920 Mauve Purple 2025 - BiciXtrem<\/title>\n<meta name=\"robots\" content=\"index, follow, max-snippet:-1, max-image-preview:large, max-video-preview:-1\" \/>\n<link rel=\"canonical\" href=\"https:\/\/www.bicixtrem.cat\/es\/producte\/bicicleta-scott-lumen-920-mauve-purple-2025\/\" \/>\n<meta property=\"og:locale\" content=\"es_ES\" \/>\n<meta property=\"og:type\" content=\"article\" \/>\n<meta property=\"og:title\" content=\"Bicicleta SCOTT Lumen 920 Mauve Purple 2025 - BiciXtrem\" \/>\n<meta property=\"og:description\" content=\"Una bicicleta de monta\u00f1a el\u00e9ctrica con el peso de una MTB, a partir de 15,5 kg. Imag\u00ednate la mejor plataforma de cross-country\/trail que existe hoy en d\u00eda, la Spark 900: ponle 130 mm de recorrido y una horquilla de 140 mm, m\u00f3ntale apoyo el\u00e9ctrico y completamente silencioso, y descubre que sigue siendo una bicicleta ligera para rodar por monta\u00f1a al ritmo de Nino.Importante: las especificaciones t\u00e9cnicas de la bicicleta est\u00e1n sujetas a cambios sin previo aviso\" \/>\n<meta property=\"og:url\" content=\"https:\/\/www.bicixtrem.cat\/es\/producte\/bicicleta-scott-lumen-920-mauve-purple-2025\/\" \/>\n<meta property=\"og:site_name\" content=\"BiciXtrem\" \/>\n<meta property=\"article:modified_time\" content=\"2025-07-31T12:14:51+00:00\" \/>\n<meta property=\"og:image\" content=\"https:\/\/www.bicixtrem.cat\/wp-content\/uploads\/2025\/07\/img-Bicicleta-SCOTT-Lumen-920-Mauve-Purple-2025-bicixtreme.jpg\" \/>\n\t<meta property=\"og:image:width\" content=\"600\" \/>\n\t<meta property=\"og:image:height\" content=\"600\" \/>\n\t<meta property=\"og:image:type\" content=\"image\/jpeg\" \/>\n<meta name=\"twitter:card\" content=\"summary_large_image\" \/>\n<script type=\"application\/ld+json\" class=\"yoast-schema-graph\">{\"@context\":\"https:\/\/schema.org\",\"@graph\":[{\"@type\":\"WebPage\",\"@id\":\"https:\/\/www.bicixtrem.cat\/es\/producte\/bicicleta-scott-lumen-920-mauve-purple-2025\/\",\"url\":\"https:\/\/www.bicixtrem.cat\/es\/producte\/bicicleta-scott-lumen-920-mauve-purple-2025\/\",\"name\":\"Bicicleta SCOTT Lumen 920 Mauve Purple 2025 - BiciXtrem\",\"isPartOf\":{\"@id\":\"https:\/\/www.bicixtrem.cat\/es\/#website\"},\"primaryImageOfPage\":{\"@id\":\"https:\/\/www.bicixtrem.cat\/es\/producte\/bicicleta-scott-lumen-920-mauve-purple-2025\/#primaryimage\"},\"image\":{\"@id\":\"https:\/\/www.bicixtrem.cat\/es\/producte\/bicicleta-scott-lumen-920-mauve-purple-2025\/#primaryimage\"},\"thumbnailUrl\":\"https:\/\/www.bicixtrem.cat\/wp-content\/uploads\/2025\/07\/img-Bicicleta-SCOTT-Lumen-920-Mauve-Purple-2025-bicixtreme.jpg\",\"datePublished\":\"2025-07-31T12:00:03+00:00\",\"dateModified\":\"2025-07-31T12:14:51+00:00\",\"breadcrumb\":{\"@id\":\"https:\/\/www.bicixtrem.cat\/es\/producte\/bicicleta-scott-lumen-920-mauve-purple-2025\/#breadcrumb\"},\"inLanguage\":\"es\",\"potentialAction\":[{\"@type\":\"ReadAction\",\"target\":[\"https:\/\/www.bicixtrem.cat\/es\/producte\/bicicleta-scott-lumen-920-mauve-purple-2025\/\"]}]},{\"@type\":\"ImageObject\",\"inLanguage\":\"es\",\"@id\":\"https:\/\/www.bicixtrem.cat\/es\/producte\/bicicleta-scott-lumen-920-mauve-purple-2025\/#primaryimage\",\"url\":\"https:\/\/www.bicixtrem.cat\/wp-content\/uploads\/2025\/07\/img-Bicicleta-SCOTT-Lumen-920-Mauve-Purple-2025-bicixtreme.jpg\",\"contentUrl\":\"https:\/\/www.bicixtrem.cat\/wp-content\/uploads\/2025\/07\/img-Bicicleta-SCOTT-Lumen-920-Mauve-Purple-2025-bicixtreme.jpg\",\"width\":600,\"height\":600},{\"@type\":\"BreadcrumbList\",\"@id\":\"https:\/\/www.bicixtrem.cat\/es\/producte\/bicicleta-scott-lumen-920-mauve-purple-2025\/#breadcrumb\",\"itemListElement\":[{\"@type\":\"ListItem\",\"position\":1,\"name\":\"Inici\",\"item\":\"https:\/\/www.bicixtrem.cat\/es\/\"},{\"@type\":\"ListItem\",\"position\":2,\"name\":\"Bicicleta SCOTT Lumen 920 Mauve Purple 2025\"}]},{\"@type\":\"WebSite\",\"@id\":\"https:\/\/www.bicixtrem.cat\/es\/#website\",\"url\":\"https:\/\/www.bicixtrem.cat\/es\/\",\"name\":\"BiciXtrem\",\"description\":\"La teva botiga i taller de confian\u00e7a al Bergued\u00e0\",\"publisher\":{\"@id\":\"https:\/\/www.bicixtrem.cat\/es\/#organization\"},\"potentialAction\":[{\"@type\":\"SearchAction\",\"target\":{\"@type\":\"EntryPoint\",\"urlTemplate\":\"https:\/\/www.bicixtrem.cat\/es\/?s={search_term_string}\"},\"query-input\":{\"@type\":\"PropertyValueSpecification\",\"valueRequired\":true,\"valueName\":\"search_term_string\"}}],\"inLanguage\":\"es\"},{\"@type\":\"Organization\",\"@id\":\"https:\/\/www.bicixtrem.cat\/es\/#organization\",\"name\":\"BiciXtrem\",\"url\":\"https:\/\/www.bicixtrem.cat\/es\/\",\"logo\":{\"@type\":\"ImageObject\",\"inLanguage\":\"es\",\"@id\":\"https:\/\/www.bicixtrem.cat\/es\/#\/schema\/logo\/image\/\",\"url\":\"https:\/\/www.bicixtrem.cat\/wp-content\/uploads\/2025\/07\/cropped-cropped-img-logo-bicixtrem-2025.png\",\"contentUrl\":\"https:\/\/www.bicixtrem.cat\/wp-content\/uploads\/2025\/07\/cropped-cropped-img-logo-bicixtrem-2025.png\",\"width\":599,\"height\":171,\"caption\":\"BiciXtrem\"},\"image\":{\"@id\":\"https:\/\/www.bicixtrem.cat\/es\/#\/schema\/logo\/image\/\"}}]}<\/script>\n<!-- \/ Yoast SEO plugin. -->","yoast_head_json":{"title":"Bicicleta SCOTT Lumen 920 Mauve Purple 2025 - BiciXtrem","robots":{"index":"index","follow":"follow","max-snippet":"max-snippet:-1","max-image-preview":"max-image-preview:large","max-video-preview":"max-video-preview:-1"},"canonical":"https:\/\/www.bicixtrem.cat\/es\/producte\/bicicleta-scott-lumen-920-mauve-purple-2025\/","og_locale":"es_ES","og_type":"article","og_title":"Bicicleta SCOTT Lumen 920 Mauve Purple 2025 - BiciXtrem","og_description":"Una bicicleta de monta\u00f1a el\u00e9ctrica con el peso de una MTB, a partir de 15,5 kg. Imag\u00ednate la mejor plataforma de cross-country\/trail que existe hoy en d\u00eda, la Spark 900: ponle 130 mm de recorrido y una horquilla de 140 mm, m\u00f3ntale apoyo el\u00e9ctrico y completamente silencioso, y descubre que sigue siendo una bicicleta ligera para rodar por monta\u00f1a al ritmo de Nino.Importante: las especificaciones t\u00e9cnicas de la bicicleta est\u00e1n sujetas a cambios sin previo aviso","og_url":"https:\/\/www.bicixtrem.cat\/es\/producte\/bicicleta-scott-lumen-920-mauve-purple-2025\/","og_site_name":"BiciXtrem","article_modified_time":"2025-07-31T12:14:51+00:00","og_image":[{"width":600,"height":600,"url":"https:\/\/www.bicixtrem.cat\/wp-content\/uploads\/2025\/07\/img-Bicicleta-SCOTT-Lumen-920-Mauve-Purple-2025-bicixtreme.jpg","type":"image\/jpeg"}],"twitter_card":"summary_large_image","schema":{"@context":"https:\/\/schema.org","@graph":[{"@type":"WebPage","@id":"https:\/\/www.bicixtrem.cat\/es\/producte\/bicicleta-scott-lumen-920-mauve-purple-2025\/","url":"https:\/\/www.bicixtrem.cat\/es\/producte\/bicicleta-scott-lumen-920-mauve-purple-2025\/","name":"Bicicleta SCOTT Lumen 920 Mauve Purple 2025 - BiciXtrem","isPartOf":{"@id":"https:\/\/www.bicixtrem.cat\/es\/#website"},"primaryImageOfPage":{"@id":"https:\/\/www.bicixtrem.cat\/es\/producte\/bicicleta-scott-lumen-920-mauve-purple-2025\/#primaryimage"},"image":{"@id":"https:\/\/www.bicixtrem.cat\/es\/producte\/bicicleta-scott-lumen-920-mauve-purple-2025\/#primaryimage"},"thumbnailUrl":"https:\/\/www.bicixtrem.cat\/wp-content\/uploads\/2025\/07\/img-Bicicleta-SCOTT-Lumen-920-Mauve-Purple-2025-bicixtreme.jpg","datePublished":"2025-07-31T12:00:03+00:00","dateModified":"2025-07-31T12:14:51+00:00","breadcrumb":{"@id":"https:\/\/www.bicixtrem.cat\/es\/producte\/bicicleta-scott-lumen-920-mauve-purple-2025\/#breadcrumb"},"inLanguage":"es","potentialAction":[{"@type":"ReadAction","target":["https:\/\/www.bicixtrem.cat\/es\/producte\/bicicleta-scott-lumen-920-mauve-purple-2025\/"]}]},{"@type":"ImageObject","inLanguage":"es","@id":"https:\/\/www.bicixtrem.cat\/es\/producte\/bicicleta-scott-lumen-920-mauve-purple-2025\/#primaryimage","url":"https:\/\/www.bicixtrem.cat\/wp-content\/uploads\/2025\/07\/img-Bicicleta-SCOTT-Lumen-920-Mauve-Purple-2025-bicixtreme.jpg","contentUrl":"https:\/\/www.bicixtrem.cat\/wp-content\/uploads\/2025\/07\/img-Bicicleta-SCOTT-Lumen-920-Mauve-Purple-2025-bicixtreme.jpg","width":600,"height":600},{"@type":"BreadcrumbList","@id":"https:\/\/www.bicixtrem.cat\/es\/producte\/bicicleta-scott-lumen-920-mauve-purple-2025\/#breadcrumb","itemListElement":[{"@type":"ListItem","position":1,"name":"Inici","item":"https:\/\/www.bicixtrem.cat\/es\/"},{"@type":"ListItem","position":2,"name":"Bicicleta SCOTT Lumen 920 Mauve Purple 2025"}]},{"@type":"WebSite","@id":"https:\/\/www.bicixtrem.cat\/es\/#website","url":"https:\/\/www.bicixtrem.cat\/es\/","name":"BiciXtrem","description":"La teva botiga i taller de confian\u00e7a al Bergued\u00e0","publisher":{"@id":"https:\/\/www.bicixtrem.cat\/es\/#organization"},"potentialAction":[{"@type":"SearchAction","target":{"@type":"EntryPoint","urlTemplate":"https:\/\/www.bicixtrem.cat\/es\/?s={search_term_string}"},"query-input":{"@type":"PropertyValueSpecification","valueRequired":true,"valueName":"search_term_string"}}],"inLanguage":"es"},{"@type":"Organization","@id":"https:\/\/www.bicixtrem.cat\/es\/#organization","name":"BiciXtrem","url":"https:\/\/www.bicixtrem.cat\/es\/","logo":{"@type":"ImageObject","inLanguage":"es","@id":"https:\/\/www.bicixtrem.cat\/es\/#\/schema\/logo\/image\/","url":"https:\/\/www.bicixtrem.cat\/wp-content\/uploads\/2025\/07\/cropped-cropped-img-logo-bicixtrem-2025.png","contentUrl":"https:\/\/www.bicixtrem.cat\/wp-content\/uploads\/2025\/07\/cropped-cropped-img-logo-bicixtrem-2025.png","width":599,"height":171,"caption":"BiciXtrem"},"image":{"@id":"https:\/\/www.bicixtrem.cat\/es\/#\/schema\/logo\/image\/"}}]}},"_links":{"self":[{"href":"https:\/\/www.bicixtrem.cat\/es\/wp-json\/wp\/v2\/product\/9402","targetHints":{"allow":["GET"]}}],"collection":[{"href":"https:\/\/www.bicixtrem.cat\/es\/wp-json\/wp\/v2\/product"}],"about":[{"href":"https:\/\/www.bicixtrem.cat\/es\/wp-json\/wp\/v2\/types\/product"}],"version-history":[{"count":2,"href":"https:\/\/www.bicixtrem.cat\/es\/wp-json\/wp\/v2\/product\/9402\/revisions"}],"predecessor-version":[{"id":9423,"href":"https:\/\/www.bicixtrem.cat\/es\/wp-json\/wp\/v2\/product\/9402\/revisions\/9423"}],"wp:featuredmedia":[{"embeddable":true,"href":"https:\/\/www.bicixtrem.cat\/es\/wp-json\/wp\/v2\/media\/9403"}],"wp:attachment":[{"href":"https:\/\/www.bicixtrem.cat\/es\/wp-json\/wp\/v2\/media?parent=9402"}],"wp:term":[{"taxonomy":"product_brand","embeddable":true,"href":"https:\/\/www.bicixtrem.cat\/es\/wp-json\/wp\/v2\/product_brand?post=9402"},{"taxonomy":"product_cat","embeddable":true,"href":"https:\/\/www.bicixtrem.cat\/es\/wp-json\/wp\/v2\/product_cat?post=9402"},{"taxonomy":"product_tag","embeddable":true,"href":"https:\/\/www.bicixtrem.cat\/es\/wp-json\/wp\/v2\/product_tag?post=9402"}],"curies":[{"name":"wp","href":"https:\/\/api.w.org\/{rel}","templated":true}]}}